{"id":47,"date":"2021-06-07T09:44:00","date_gmt":"2021-06-07T09:44:00","guid":{"rendered":"http:\/\/artisus-project.eu\/?page_id=47"},"modified":"2021-06-07T10:08:53","modified_gmt":"2021-06-07T10:08:53","slug":"results","status":"publish","type":"page","link":"https:\/\/artisus-project.eu\/sl\/results\/","title":{"rendered":"Rezultati"},"content":{"rendered":"<section class=\"wpb-content-wrapper\"><div class=\"vc_row wpb_row vc_row-fluid\"><div class=\"wpb_column vc_column_container vc_col-sm-12\"><div class=\"vc_column-inner\"><div class=\"wpb_wrapper\"><br \/>\n<div class=\"vc_tta-container\" data-vc-action=\"collapse\"><div class=\"vc_general vc_tta vc_tta-accordion vc_tta-color-chino vc_tta-style-flat vc_tta-shape-square vc_tta-o-shape-group vc_tta-controls-align-left\"><div class=\"vc_tta-panels-container\"><div class=\"vc_tta-panels\"><\/p>\n<div class=\"vc_tta-panel vc_active\" id=\"1585668826951-41b3f8c9-0c32\" data-vc-content=\".vc_tta-panel-body\"><div class=\"vc_tta-panel-heading\"><h4 class=\"vc_tta-panel-title vc_tta-controls-icon-position-left\"><a href=\"#1585668826951-41b3f8c9-0c32\" data-vc-accordion data-vc-container=\".vc_tta-container\"><span class=\"vc_tta-title-text\">1. \u0160tirje mikromoduli namenjeni u\u010denju<\/span><i class=\"vc_tta-controls-icon vc_tta-controls-icon-plus\"><\/i><\/a><\/h4><\/div><div class=\"vc_tta-panel-body\">\n\t<div class=\"wpb_text_column wpb_content_element\" >\n\t\t<div class=\"wpb_wrapper\">\n\t\t\t<p>temeljijo na skrbno zasnovanih u\u010dnih ciljih in se jih ponudi na privla\u010den, interaktiven na\u010din. Moduli predstavljajo udele\u017een\u010devo potovanje: \u2192 razumevanje skupnosti \u2192 krepitev partnerstva \u2192 prora\u010dun \/ zbiranje sredstev \u2192 trajna umetni\u0161ka kariera. Lahko jim sledimo samostojno ali jih dopolnimo z drugimi oblikami pou\u010devanja. V programu Umetnost smo mi moduli potekajo s kombiniranim u\u010denjem.<\/p>\n\n\t\t<\/div>\n\t<\/div>\n<\/div><\/div><div class=\"vc_tta-panel\" id=\"1585668826964-d63cf46d-9bc0\" data-vc-content=\".vc_tta-panel-body\"><div class=\"vc_tta-panel-heading\"><h4 class=\"vc_tta-panel-title vc_tta-controls-icon-position-left\"><a href=\"#1585668826964-d63cf46d-9bc0\" data-vc-accordion data-vc-container=\".vc_tta-container\"><span class=\"vc_tta-title-text\">2. Art Is Us spletna stran<\/span><i class=\"vc_tta-controls-icon vc_tta-controls-icon-plus\"><\/i><\/a><\/h4><\/div><div class=\"vc_tta-panel-body\">\n\t<div class=\"wpb_text_column wpb_content_element\" >\n\t\t<div class=\"wpb_wrapper\">\n\t\t\t<p>2.1. SPLETNA STRAN PROJEKTA in SOCIALNA OMRE\u017dJA<br \/>\n2.2. VIRTUALNA KNJI\u017dNICA \/ digitalna zbirka virov<br \/>\n2.3. PROSTOR INOVACIJ\/ forum za razprave\/ tematske delavnice<br \/>\n2.4. Udele\u017eenci\/pedagogi\/mentorji OSEBNE ZGODBE\/PRI\u010cEVANJA<br \/>\n2.5. Privla\u010den RAZSTAVNI\/ PRIKAZNI PROSTOR za vse javne projekte<\/p>\n\n\t\t<\/div>\n\t<\/div>\n<\/div><\/div><div class=\"vc_tta-panel\" id=\"1585668946500-06743596-621f\" data-vc-content=\".vc_tta-panel-body\"><div class=\"vc_tta-panel-heading\"><h4 class=\"vc_tta-panel-title vc_tta-controls-icon-position-left\"><a href=\"#1585668946500-06743596-621f\" data-vc-accordion data-vc-container=\".vc_tta-container\"><span class=\"vc_tta-title-text\">3. Vlog<\/span><i class=\"vc_tta-controls-icon vc_tta-controls-icon-plus\"><\/i><\/a><\/h4><\/div><div class=\"vc_tta-panel-body\">\n\t<div class=\"wpb_text_column wpb_content_element\" >\n\t\t<div class=\"wpb_wrapper\">\n\t\t\t<p>Snemanje Aktivnosti odprtega inoviranja, ki bodo organizirane na podlagi vizij in zamisli udele\u017eencev,  o spremembah v njihovih skupnostih.<\/p>\n\n\t\t<\/div>\n\t<\/div>\n<\/div><\/div><div class=\"vc_tta-panel\" id=\"1585668949020-764638ee-bced\" data-vc-content=\".vc_tta-panel-body\"><div class=\"vc_tta-panel-heading\"><h4 class=\"vc_tta-panel-title vc_tta-controls-icon-position-left\"><a href=\"#1585668949020-764638ee-bced\" data-vc-accordion data-vc-container=\".vc_tta-container\"><span class=\"vc_tta-title-text\">4. Video vodi\u010d za Inoviranje v skupnostih s pomo\u010djo umetnosti<\/span><i class=\"vc_tta-controls-icon vc_tta-controls-icon-plus\"><\/i><\/a><\/h4><\/div><div class=\"vc_tta-panel-body\">\n\t<div class=\"wpb_text_column wpb_content_element\" >\n\t\t<div class=\"wpb_wrapper\">\n\t\t\t<p>Namen vodi\u010da je, da navdihne umetnike, dru\u017ebeno anga\u017eirane predstavnike civilne dru\u017ebe in razli\u010dnih skupnosti in politike pri ustvarjanju dodane vrednosti z vklju\u010dujo\u010dimi ustvarjalnimi procesi. Uporablja se lahko samostojno ali za spremljanje ustreznih te\u010dajev usposabljanja, vsebuje pa tudi primere in prakti\u010dne informacije.<\/p>\n\n\t\t<\/div>\n\t<\/div>\n<\/div><\/div><div class=\"vc_tta-panel\" id=\"1585669012900-ed0e0ec5-b073\" data-vc-content=\".vc_tta-panel-body\"><div class=\"vc_tta-panel-heading\"><h4 class=\"vc_tta-panel-title vc_tta-controls-icon-position-left\"><a href=\"#1585669012900-ed0e0ec5-b073\" data-vc-accordion data-vc-container=\".vc_tta-container\"><span class=\"vc_tta-title-text\">5. Projekt Promocijski video<\/span><i class=\"vc_tta-controls-icon vc_tta-controls-icon-plus\"><\/i><\/a><\/h4><\/div><div class=\"vc_tta-panel-body\">\n\t<div class=\"wpb_text_column wpb_content_element\" >\n\t\t<div class=\"wpb_wrapper\">\n\t\t\t<p>Prispevati k vidnosti projekta<\/p>\n\n\t\t<\/div>\n\t<\/div>\n<\/div><\/div><div class=\"vc_tta-panel\" id=\"1585669016879-b37369cb-c8ca\" data-vc-content=\".vc_tta-panel-body\"><div class=\"vc_tta-panel-heading\"><h4 class=\"vc_tta-panel-title vc_tta-controls-icon-position-left\"><a href=\"#1585669016879-b37369cb-c8ca\" data-vc-accordion data-vc-container=\".vc_tta-container\"><span class=\"vc_tta-title-text\">6. Video dialogi z udele\u017eenci<\/span><i class=\"vc_tta-controls-icon vc_tta-controls-icon-plus\"><\/i><\/a><\/h4><\/div><div class=\"vc_tta-panel-body\">\n\t<div class=\"wpb_text_column wpb_content_element\" >\n\t\t<div class=\"wpb_wrapper\">\n\t\t\t<p>Udele\u017eenci bodo predstavili serijo najmanj \u0161estih videov, ki bodo predstavili svoje izku\u0161nje s projektom Umetnost smo mi, svojo vizijo za skupnosti in svoje delo ter prispevali k \u0161iritvi projekta.<\/p>\n\n\t\t<\/div>\n\t<\/div>\n<\/div><\/div><div class=\"vc_tta-panel\" id=\"1585669017484-183fd3d0-7f89\" data-vc-content=\".vc_tta-panel-body\"><div class=\"vc_tta-panel-heading\"><h4 class=\"vc_tta-panel-title vc_tta-controls-icon-position-left\"><a href=\"#1585669017484-183fd3d0-7f89\" data-vc-accordion data-vc-container=\".vc_tta-container\"><span class=\"vc_tta-title-text\">7. Videoposnetki udele\u017eencev, ki sodelujejo v dejavnostih transnacionalne mobilnosti<\/span><i class=\"vc_tta-controls-icon vc_tta-controls-icon-plus\"><\/i><\/a><\/h4><\/div><div class=\"vc_tta-panel-body\">\n\t<div class=\"wpb_text_column wpb_content_element\" >\n\t\t<div class=\"wpb_wrapper\">\n\t\t\t<p>Gostje umetni\u0161ke rezidence bodo med bivanjem spodbujeni k snemanju kratkih video posnetkov\/ intervjujev o svojih izku\u0161njah ter u\u010dnih in ustvarjalnih koristih (ali pomanjkljivostih) svojih obiskov. Ti videoposnetki bodo kasneje grafi\u010dno urejeni in uporabljeni za \u0161iritev projekta.<\/p>\n\n\t\t<\/div>\n\t<\/div>\n<\/div><\/div><div class=\"vc_tta-panel\" id=\"1585669017484-183fd3d0-7f81\" data-vc-content=\".vc_tta-panel-body\"><div class=\"vc_tta-panel-heading\"><h4 class=\"vc_tta-panel-title vc_tta-controls-icon-position-left\"><a href=\"#1585669017484-183fd3d0-7f81\" data-vc-accordion data-vc-container=\".vc_tta-container\"><span class=\"vc_tta-title-text\">8. Videi iz razli\u010dnih dogodkov<\/span><i class=\"vc_tta-controls-icon vc_tta-controls-icon-plus\"><\/i><\/a><\/h4><\/div><div class=\"vc_tta-panel-body\">\n\t<div class=\"wpb_text_column wpb_content_element\" >\n\t\t<div class=\"wpb_wrapper\">\n\t\t\t<p>Skupne kavarne, nacionalni \/ regionalni dogodki, in velika zaklju\u010dna razstava projekta Umetnost smo mi, ki bo v \u017eivo predvajana na socialnih omre\u017ejih, kar bo pripomoglo k \u0161ir\u0161i prepoznavnosti projekta. Zbrana bodo soglasje udele\u017eencev.<\/p>\n\n\t\t<\/div>\n\t<\/div>\n<\/div><\/div><div class=\"vc_tta-panel\" id=\"1585669017484-183fd3d0-7f11\" data-vc-content=\".vc_tta-panel-body\"><div class=\"vc_tta-panel-heading\"><h4 class=\"vc_tta-panel-title vc_tta-controls-icon-position-left\"><a href=\"#1585669017484-183fd3d0-7f11\" data-vc-accordion data-vc-container=\".vc_tta-container\"><span class=\"vc_tta-title-text\">9. Novi\u010dnik<\/span><i class=\"vc_tta-controls-icon vc_tta-controls-icon-plus\"><\/i><\/a><\/h4><\/div><div class=\"vc_tta-panel-body\">\n\t<div class=\"wpb_text_column wpb_content_element\" >\n\t\t<div class=\"wpb_wrapper\">\n\t\t\t<p>Predstavnikom interesnih skupin bodo poslana vsaj \u0161tirje novi\u010dniki, kar bo prispevalo k \u0161iritvi projekta.<\/p>\n\n\t\t<\/div>\n\t<\/div>\n<\/div><\/div><\/div><\/div><\/div><\/div><\/div><\/div><\/div><\/div>\n<\/section>","protected":false},"excerpt":{"rendered":"1. Four Microlearning Modules Built upon carefully [...]","protected":false},"author":1,"featured_media":0,"parent":0,"menu_order":0,"comment_status":"closed","ping_status":"closed","template":"page-full.php","meta":{"footnotes":""},"_links":{"self":[{"href":"https:\/\/artisus-project.eu\/sl\/wp-json\/wp\/v2\/pages\/47"}],"collection":[{"href":"https:\/\/artisus-project.eu\/sl\/wp-json\/wp\/v2\/pages"}],"about":[{"href":"https:\/\/artisus-project.eu\/sl\/wp-json\/wp\/v2\/types\/page"}],"author":[{"embeddable":true,"href":"https:\/\/artisus-project.eu\/sl\/wp-json\/wp\/v2\/users\/1"}],"replies":[{"embeddable":true,"href":"https:\/\/artisus-project.eu\/sl\/wp-json\/wp\/v2\/comments?post=47"}],"version-history":[{"count":0,"href":"https:\/\/artisus-project.eu\/sl\/wp-json\/wp\/v2\/pages\/47\/revisions"}],"wp:attachment":[{"href":"https:\/\/artisus-project.eu\/sl\/wp-json\/wp\/v2\/media?parent=47"}],"curies":[{"name":"wp","href":"https:\/\/api.w.org\/{rel}","templated":true}]}}