{"id":45,"date":"2021-06-07T09:43:19","date_gmt":"2021-06-07T09:43:19","guid":{"rendered":"http:\/\/artisus-project.eu\/?page_id=45"},"modified":"2021-06-07T10:08:50","modified_gmt":"2021-06-07T10:08:50","slug":"objectives","status":"publish","type":"page","link":"https:\/\/artisus-project.eu\/sl\/objectives\/","title":{"rendered":"Cilji"},"content":{"rendered":"<p class=\" translation-block\">Glavni namen projekta je skozi ustvarjalnost in umetnost spodbujati razvoj mehkih ve\u0161\u010din in socialne vklju\u010denosti.<\/p>\n<p><strong>Cilji:<\/strong><\/p>\n<ul>\n<li>Zagotoviti ustrezen, ciljno usmerjen in privla\u010den program za razvoj ve\u0161\u010din, ki ga je po koncu izvajanja projekta mogo\u010de nadaljevati.<\/li>\n<li>Spodbujati enakost in socialno vklju\u010denost  s participatornimi, sodelovalnimi ter izvirnimi re\u0161itvami, ki koristijo vsem \u010dlanom ciljne skupnosti, ne glede na dru\u017ebeno in kulturno ozadje.<\/li>\n<li>Prispevati ali spodbujati politi\u010dne pobude, ki podpirajo umetni\u0161ko izobra\u017eevanje in posege za o\u017eivitev skupnosti in inovacije.<\/li>\n<li>Spodbujati visoko kakovostno pou\u010devanja odraslih, ki je privla\u010dno, prilagojeno udele\u017eencu, ga vklju\u010duje v proces in mu omogo\u010da njegovo avtonomnost.<\/li>\n<\/ul>","protected":false},"excerpt":{"rendered":"<p>The main project OBJECTIVE is to promote [&hellip;]<\/p>","protected":false},"author":1,"featured_media":0,"parent":0,"menu_order":0,"comment_status":"closed","ping_status":"closed","template":"page-full.php","meta":{"footnotes":""},"_links":{"self":[{"href":"https:\/\/artisus-project.eu\/sl\/wp-json\/wp\/v2\/pages\/45"}],"collection":[{"href":"https:\/\/artisus-project.eu\/sl\/wp-json\/wp\/v2\/pages"}],"about":[{"href":"https:\/\/artisus-project.eu\/sl\/wp-json\/wp\/v2\/types\/page"}],"author":[{"embeddable":true,"href":"https:\/\/artisus-project.eu\/sl\/wp-json\/wp\/v2\/users\/1"}],"replies":[{"embeddable":true,"href":"https:\/\/artisus-project.eu\/sl\/wp-json\/wp\/v2\/comments?post=45"}],"version-history":[{"count":0,"href":"https:\/\/artisus-project.eu\/sl\/wp-json\/wp\/v2\/pages\/45\/revisions"}],"wp:attachment":[{"href":"https:\/\/artisus-project.eu\/sl\/wp-json\/wp\/v2\/media?parent=45"}],"curies":[{"name":"wp","href":"https:\/\/api.w.org\/{rel}","templated":true}]}}