{"id":43,"date":"2021-06-07T09:43:01","date_gmt":"2021-06-07T09:43:01","guid":{"rendered":"http:\/\/artisus-project.eu\/?page_id=43"},"modified":"2022-04-14T17:58:24","modified_gmt":"2022-04-14T14:58:24","slug":"about-us","status":"publish","type":"page","link":"https:\/\/artisus-project.eu\/sl\/about-us\/","title":{"rendered":"O nas"},"content":{"rendered":"<section class=\"wpb-content-wrapper\"><div class=\"vc_row wpb_row vc_row-fluid\"><div class=\"wpb_column vc_column_container vc_col-sm-12\"><div class=\"vc_column-inner\"><div class=\"wpb_wrapper\">\n\t<div class=\"wpb_text_column wpb_content_element  wpb_animate_when_almost_visible wpb_bounceInRight bounceInRight\" >\n\t\t<div class=\"wpb_wrapper\">\n\t\t\t<p>Projekt Umetnost za lokalne inovacije: Umetnost smo mi (Art for Local Innovation: Art is Us) je dveletni projekt, ki ga sofinancira Evropska unija v okviru programa ERASMUS+ KA227  program Partnerstvo za ustvarjalnost (\u0161tevilka sporazuma: 2020-1-SI01-KA227-ADU-093618).<\/p>\n<p>Projekt Umetnost smo mi uporablja transformativno mo\u010d kulture za obnovo skupnosti. Odziva se na negativen vpliv pandemije COVID-19 na umetnike, kulturni sektor, na socialno vklju\u010denost in kohezivnost dru\u017ebe.<\/p>\n<p>Umetnike, dru\u017ebeno anga\u017eirane predstavnike civilne dru\u017ebe in razli\u010dnih skupnosti ter umetni\u0161ke vodje opremi z dodatnimi klju\u010dnimi ve\u0161\u010dinami in kompetencami za trajnostno ustvarjalno kariero ter jim na ta na\u010din ponuja mo\u017enost, da so v svojih lokalnih skupnostih uspe\u0161ni inovatorji. Krepi njihovo socialno vklju\u010denost s spodbujanjem inovativnih pristopov, ki temeljijo na umetnosti in medkulturnem dialogu.<\/p>\n<p>Projekt se poslu\u017euje bogatih izku\u0161enj vseh konzorcijskih partnerjev s podro\u010dji dru\u017ebeno anga\u017eiranega umetni\u0161kega izobra\u017eevanja, razvoja e-u\u010denja, multimedijske produkcije, izku\u0161enj z umetni\u0161kimi pobudami lokalnih skupnosti, izku\u0161enj z razvojem poklicnega usmerjanja in mehkih ve\u0161\u010din. Znanja in izku\u0161nje zdru\u017euje z razvojem in oblikovanjem visokokakovostnega usposabljanja za odrasle na temo inovativnega razvoja lokalne skupnosti.<\/p>\n\n\t\t<\/div>\n\t<\/div>\n<\/div><\/div><\/div><\/div>\n<\/section>","protected":false},"excerpt":{"rendered":"The project \u201cArt for Local Innovation (Art [...]","protected":false},"author":1,"featured_media":0,"parent":0,"menu_order":0,"comment_status":"closed","ping_status":"closed","template":"page-full.php","meta":{"footnotes":""},"_links":{"self":[{"href":"https:\/\/artisus-project.eu\/sl\/wp-json\/wp\/v2\/pages\/43"}],"collection":[{"href":"https:\/\/artisus-project.eu\/sl\/wp-json\/wp\/v2\/pages"}],"about":[{"href":"https:\/\/artisus-project.eu\/sl\/wp-json\/wp\/v2\/types\/page"}],"author":[{"embeddable":true,"href":"https:\/\/artisus-project.eu\/sl\/wp-json\/wp\/v2\/users\/1"}],"replies":[{"embeddable":true,"href":"https:\/\/artisus-project.eu\/sl\/wp-json\/wp\/v2\/comments?post=43"}],"version-history":[{"count":0,"href":"https:\/\/artisus-project.eu\/sl\/wp-json\/wp\/v2\/pages\/43\/revisions"}],"wp:attachment":[{"href":"https:\/\/artisus-project.eu\/sl\/wp-json\/wp\/v2\/media?parent=43"}],"curies":[{"name":"wp","href":"https:\/\/api.w.org\/{rel}","templated":true}]}}