{"id":47,"date":"2021-06-07T09:44:00","date_gmt":"2021-06-07T09:44:00","guid":{"rendered":"http:\/\/artisus-project.eu\/?page_id=47"},"modified":"2021-06-07T10:08:53","modified_gmt":"2021-06-07T10:08:53","slug":"results","status":"publish","type":"page","link":"https:\/\/artisus-project.eu\/ro\/results\/","title":{"rendered":"Rezultate"},"content":{"rendered":"<section class=\"wpb-content-wrapper\"><div class=\"vc_row wpb_row vc_row-fluid\"><div class=\"wpb_column vc_column_container vc_col-sm-12\"><div class=\"vc_column-inner\"><div class=\"wpb_wrapper\"><br \/>\n<div class=\"vc_tta-container\" data-vc-action=\"collapse\"><div class=\"vc_general vc_tta vc_tta-accordion vc_tta-color-chino vc_tta-style-flat vc_tta-shape-square vc_tta-o-shape-group vc_tta-controls-align-left\"><div class=\"vc_tta-panels-container\"><div class=\"vc_tta-panels\"><\/p>\n<div class=\"vc_tta-panel vc_active\" id=\"1585668826951-41b3f8c9-0c32\" data-vc-content=\".vc_tta-panel-body\"><div class=\"vc_tta-panel-heading\"><h4 class=\"vc_tta-panel-title vc_tta-controls-icon-position-left\"><a href=\"#1585668826951-41b3f8c9-0c32\" data-vc-accordion data-vc-container=\".vc_tta-container\"><span class=\"vc_tta-title-text\">1. Patru Module de Micro\u00eenv\u0103\u021bare<\/span><i class=\"vc_tta-controls-icon vc_tta-controls-icon-plus\"><\/i><\/a><\/h4><\/div><div class=\"vc_tta-panel-body\">\n\t<div class=\"wpb_text_column wpb_content_element\" >\n\t\t<div class=\"wpb_wrapper\">\n\t\t\t<p>Construite pe obiective de \u00eenv\u0103\u021bare atent proiectate \u0219i oferite \u00eentr-un mod interactiv \u0219i captivant. Modulele reprezint\u0103 c\u0103l\u0103toria cursan\u021bilor de la \u00een\u021belegerea comunit\u0103\u021bii \u2192 consolidarea parteneriatului \u2192 bugetare \/ str\u00e2ngere de fonduri \u2192 carier\u0103 durabil\u0103 \u00een aria artei. Modulele pot fi urmate independent, venind totodat\u0103 \u00een completarea altor forme de predare. \u00cen cadrul proiectului Art is Us, modulele sunt livrate prin \u00eenv\u0103\u021bare mixt\u0103.<\/p>\n\n\t\t<\/div>\n\t<\/div>\n<\/div><\/div><div class=\"vc_tta-panel\" id=\"1585668826964-d63cf46d-9bc0\" data-vc-content=\".vc_tta-panel-body\"><div class=\"vc_tta-panel-heading\"><h4 class=\"vc_tta-panel-title vc_tta-controls-icon-position-left\"><a href=\"#1585668826964-d63cf46d-9bc0\" data-vc-accordion data-vc-container=\".vc_tta-container\"><span class=\"vc_tta-title-text\">2. Platforma Digital\u0103 Art Is Us<\/span><i class=\"vc_tta-controls-icon vc_tta-controls-icon-plus\"><\/i><\/a><\/h4><\/div><div class=\"vc_tta-panel-body\">\n\t<div class=\"wpb_text_column wpb_content_element\" >\n\t\t<div class=\"wpb_wrapper\">\n\t\t\t<p>2.1. WEBSITE-UL PROIECTULUI \u0218I SOCIAL MEDIA<br \/>\n2.2. BIBLIOTEC\u0102 VIRTUAL\u0102 \/ colec\u021bia digital\u0103 de resurse<br \/>\n2.3. SPA\u021aIUL INOVATIV \/ forum pentru discu\u021bii \/ateliere tematice<br \/>\n2.4. Cursan\u021bi \/ educatori \/ mentori \/ POVE\u0218TI PERSONALE<br \/>\n2.5. Spa\u021biu digital, specific \u0219i atractiv dedicat rezultatelor proiectului<\/p>\n\n\t\t<\/div>\n\t<\/div>\n<\/div><\/div><div class=\"vc_tta-panel\" id=\"1585668946500-06743596-621f\" data-vc-content=\".vc_tta-panel-body\"><div class=\"vc_tta-panel-heading\"><h4 class=\"vc_tta-panel-title vc_tta-controls-icon-position-left\"><a href=\"#1585668946500-06743596-621f\" data-vc-accordion data-vc-container=\".vc_tta-container\"><span class=\"vc_tta-title-text\">3. Vlog<\/span><i class=\"vc_tta-controls-icon vc_tta-controls-icon-plus\"><\/i><\/a><\/h4><\/div><div class=\"vc_tta-panel-body\">\n\t<div class=\"wpb_text_column wpb_content_element\" >\n\t\t<div class=\"wpb_wrapper\">\n\t\t\t<p>\u00cenregistrarea Activit\u0103\u021bilor de inovare care vor fi organizate pe baza viziunii \u0219i ideilor cursan\u021bilor pentru schimb\u0103ri \u00een comunit\u0103\u021bile lor.<\/p>\n\n\t\t<\/div>\n\t<\/div>\n<\/div><\/div><div class=\"vc_tta-panel\" id=\"1585668949020-764638ee-bced\" data-vc-content=\".vc_tta-panel-body\"><div class=\"vc_tta-panel-heading\"><h4 class=\"vc_tta-panel-title vc_tta-controls-icon-position-left\"><a href=\"#1585668949020-764638ee-bced\" data-vc-accordion data-vc-container=\".vc_tta-container\"><span class=\"vc_tta-title-text\">4. Ghid video pentru inovarea comunit\u0103\u021bii prin arte<\/span><i class=\"vc_tta-controls-icon vc_tta-controls-icon-plus\"><\/i><\/a><\/h4><\/div><div class=\"vc_tta-panel-body\">\n\t<div class=\"wpb_text_column wpb_content_element\" >\n\t\t<div class=\"wpb_wrapper\">\n\t\t\t<p>Scopul Ghidului este de a inspira arti\u0219tii, educatorii, liderii comunit\u0103\u021bii \u0219i factorii de decizie \u00een crearea de noi modalit\u0103\u021bi de a oferi valoare proceselor creative incluzive. Poate fi folosit fie \u00een dezvoltarea personal\u0103, fie pentru \u00eenso\u021birea cursurilor de formare relevante, Ghidul cuprinz\u00e2nd de asemenea, exemple \u0219i informa\u021bii practice.<\/p>\n\n\t\t<\/div>\n\t<\/div>\n<\/div><\/div><div class=\"vc_tta-panel\" id=\"1585669012900-ed0e0ec5-b073\" data-vc-content=\".vc_tta-panel-body\"><div class=\"vc_tta-panel-heading\"><h4 class=\"vc_tta-panel-title vc_tta-controls-icon-position-left\"><a href=\"#1585669012900-ed0e0ec5-b073\" data-vc-accordion data-vc-container=\".vc_tta-container\"><span class=\"vc_tta-title-text\">5. Video promo\u021bional al proiectului<\/span><i class=\"vc_tta-controls-icon vc_tta-controls-icon-plus\"><\/i><\/a><\/h4><\/div><div class=\"vc_tta-panel-body\">\n\t<div class=\"wpb_text_column wpb_content_element\" >\n\t\t<div class=\"wpb_wrapper\">\n\t\t\t<p>Cu scopul de a contribui la exploatarea proiectului<\/p>\n\n\t\t<\/div>\n\t<\/div>\n<\/div><\/div><div class=\"vc_tta-panel\" id=\"1585669016879-b37369cb-c8ca\" data-vc-content=\".vc_tta-panel-body\"><div class=\"vc_tta-panel-heading\"><h4 class=\"vc_tta-panel-title vc_tta-controls-icon-position-left\"><a href=\"#1585669016879-b37369cb-c8ca\" data-vc-accordion data-vc-container=\".vc_tta-container\"><span class=\"vc_tta-title-text\">6. Dialoguri video cu cursan\u021bii<\/span><i class=\"vc_tta-controls-icon vc_tta-controls-icon-plus\"><\/i><\/a><\/h4><\/div><div class=\"vc_tta-panel-body\">\n\t<div class=\"wpb_text_column wpb_content_element\" >\n\t\t<div class=\"wpb_wrapper\">\n\t\t\t<p>O serie de cel pu\u021bin \u0219ase videoclipuri vor fi produse, astfel \u00eenc\u00e2t cursan\u021bii s\u0103 surprind\u0103 experien\u021bele privind proiectul Art is Us, viziunea pentru comunitatea \u0219i munca lor, aceast\u0103 activitate contribuind la diseminarea proiectului.<\/p>\n\n\t\t<\/div>\n\t<\/div>\n<\/div><\/div><div class=\"vc_tta-panel\" id=\"1585669017484-183fd3d0-7f89\" data-vc-content=\".vc_tta-panel-body\"><div class=\"vc_tta-panel-heading\"><h4 class=\"vc_tta-panel-title vc_tta-controls-icon-position-left\"><a href=\"#1585669017484-183fd3d0-7f89\" data-vc-accordion data-vc-container=\".vc_tta-container\"><span class=\"vc_tta-title-text\">7. Videoclipuri cu Cursan\u021bii care Particip\u0103 la Activit\u0103\u021bile de Mobilitate Transna\u021bional\u0103<\/span><i class=\"vc_tta-controls-icon vc_tta-controls-icon-plus\"><\/i><\/a><\/h4><\/div><div class=\"vc_tta-panel-body\">\n\t<div class=\"wpb_text_column wpb_content_element\" >\n\t\t<div class=\"wpb_wrapper\">\n\t\t\t<p>Cursan\u021bii vor fi \u00eencuraja\u021bi s\u0103 \u00eenregistreze scurte videoclipuri \/ interviuri \u00een timpul \u0219ederii lor, despre experien\u021bele, beneficiile (sau minusurile) creative \u0219i de \u00eenv\u0103\u021bare ale vizitei. Aceste videoclipuri vor fi ulterior editate grafic \u0219i utilizate \u00een scopul disemin\u0103rii proiectului.<\/p>\n\n\t\t<\/div>\n\t<\/div>\n<\/div><\/div><div class=\"vc_tta-panel\" id=\"1585669017484-183fd3d0-7f81\" data-vc-content=\".vc_tta-panel-body\"><div class=\"vc_tta-panel-heading\"><h4 class=\"vc_tta-panel-title vc_tta-controls-icon-position-left\"><a href=\"#1585669017484-183fd3d0-7f81\" data-vc-accordion data-vc-container=\".vc_tta-container\"><span class=\"vc_tta-title-text\">8. Videoclipuri din cadrul Evenimentelor de Multiplicare<\/span><i class=\"vc_tta-controls-icon vc_tta-controls-icon-plus\"><\/i><\/a><\/h4><\/div><div class=\"vc_tta-panel-body\">\n\t<div class=\"wpb_text_column wpb_content_element\" >\n\t\t<div class=\"wpb_wrapper\">\n\t\t\t<p>Cafenelele comunitare, evenimentele na\u021bionale \/ regionale \u0219i evenimentul final organizat \u00een cadrul proiectului Art is Us vor fi \u00eenregistrate sau difuzate \u00een direct pe social media pentru a contribui la diseminarea proiectului. Astfel, va fi solicitat acordul participan\u021bilor.<\/p>\n\n\t\t<\/div>\n\t<\/div>\n<\/div><\/div><div class=\"vc_tta-panel\" id=\"1585669017484-183fd3d0-7f11\" data-vc-content=\".vc_tta-panel-body\"><div class=\"vc_tta-panel-heading\"><h4 class=\"vc_tta-panel-title vc_tta-controls-icon-position-left\"><a href=\"#1585669017484-183fd3d0-7f11\" data-vc-accordion data-vc-container=\".vc_tta-container\"><span class=\"vc_tta-title-text\">9. Buletine Informative<\/span><i class=\"vc_tta-controls-icon vc_tta-controls-icon-plus\"><\/i><\/a><\/h4><\/div><div class=\"vc_tta-panel-body\">\n\t<div class=\"wpb_text_column wpb_content_element\" >\n\t\t<div class=\"wpb_wrapper\">\n\t\t\t<p>Cel pu\u021bin patru buletine informative vor fi trimise p\u0103r\u021bilor interesate identificate de c\u0103tre fiecare partener de proiect, cu scopul de a contribui la diseminarea acestuia.<\/p>\n\n\t\t<\/div>\n\t<\/div>\n<\/div><\/div><\/div><\/div><\/div><\/div><\/div><\/div><\/div><\/div>\n<\/section>","protected":false},"excerpt":{"rendered":"1. Four Microlearning Modules Built upon carefully [...]","protected":false},"author":1,"featured_media":0,"parent":0,"menu_order":0,"comment_status":"closed","ping_status":"closed","template":"page-full.php","meta":{"footnotes":""},"_links":{"self":[{"href":"https:\/\/artisus-project.eu\/ro\/wp-json\/wp\/v2\/pages\/47"}],"collection":[{"href":"https:\/\/artisus-project.eu\/ro\/wp-json\/wp\/v2\/pages"}],"about":[{"href":"https:\/\/artisus-project.eu\/ro\/wp-json\/wp\/v2\/types\/page"}],"author":[{"embeddable":true,"href":"https:\/\/artisus-project.eu\/ro\/wp-json\/wp\/v2\/users\/1"}],"replies":[{"embeddable":true,"href":"https:\/\/artisus-project.eu\/ro\/wp-json\/wp\/v2\/comments?post=47"}],"version-history":[{"count":0,"href":"https:\/\/artisus-project.eu\/ro\/wp-json\/wp\/v2\/pages\/47\/revisions"}],"wp:attachment":[{"href":"https:\/\/artisus-project.eu\/ro\/wp-json\/wp\/v2\/media?parent=47"}],"curies":[{"name":"wp","href":"https:\/\/api.w.org\/{rel}","templated":true}]}}