{"id":45,"date":"2021-06-07T09:43:19","date_gmt":"2021-06-07T09:43:19","guid":{"rendered":"http:\/\/artisus-project.eu\/?page_id=45"},"modified":"2021-06-07T10:08:50","modified_gmt":"2021-06-07T10:08:50","slug":"objectives","status":"publish","type":"page","link":"https:\/\/artisus-project.eu\/ro\/objectives\/","title":{"rendered":"Obiective"},"content":{"rendered":"<p class=\" translation-block\">Obiectivul principal al proiectului este focusat pe promovarea Dezvolt\u0103rii Abilit\u0103\u021bilor \u0219i a Incluziunii Sociale prin Creativitate \u0219i Arte.<\/p>\n<p><strong>Obiective specifice:<\/strong><\/p>\n<ul>\n<li>Oferirea unui program relevant, direc\u021bionat \u0219i focusat pe dezvoltarea abilit\u0103\u021bilor, acesta put\u00e2nd fi sus\u021binut dup\u0103 finalizarea implement\u0103rii proiectului.<\/li>\n<li>\u00cencurajarea egalit\u0103\u021bii \u0219i incluziunii sociale prin activit\u0103\u021bi participative, \u00een special axate pe solu\u021biile inovatoare bazate pe art\u0103, de care beneficiaz\u0103 to\u021bi membrii comunit\u0103\u021bilor vizate, indiferent de mediul social \u0219i cultural.<\/li>\n<li>Stimularea ini\u021biativelor politice care sus\u021bin educa\u021bia bazat\u0103 pe art\u0103 \u0219i interven\u021biile pentru revitalizarea \u0219i inovarea comunit\u0103\u021bii.<\/li>\n<li>Promovarea unei \u00eenv\u0103\u021b\u0103ri de \u00eenalt\u0103 calitate centrat\u0103 pe adul\u021bi, care sprijin\u0103 dezvoltarea cursantului.<\/li>\n<\/ul>","protected":false},"excerpt":{"rendered":"<p>The main project OBJECTIVE is to promote [&hellip;]<\/p>","protected":false},"author":1,"featured_media":0,"parent":0,"menu_order":0,"comment_status":"closed","ping_status":"closed","template":"page-full.php","meta":{"footnotes":""},"_links":{"self":[{"href":"https:\/\/artisus-project.eu\/ro\/wp-json\/wp\/v2\/pages\/45"}],"collection":[{"href":"https:\/\/artisus-project.eu\/ro\/wp-json\/wp\/v2\/pages"}],"about":[{"href":"https:\/\/artisus-project.eu\/ro\/wp-json\/wp\/v2\/types\/page"}],"author":[{"embeddable":true,"href":"https:\/\/artisus-project.eu\/ro\/wp-json\/wp\/v2\/users\/1"}],"replies":[{"embeddable":true,"href":"https:\/\/artisus-project.eu\/ro\/wp-json\/wp\/v2\/comments?post=45"}],"version-history":[{"count":0,"href":"https:\/\/artisus-project.eu\/ro\/wp-json\/wp\/v2\/pages\/45\/revisions"}],"wp:attachment":[{"href":"https:\/\/artisus-project.eu\/ro\/wp-json\/wp\/v2\/media?parent=45"}],"curies":[{"name":"wp","href":"https:\/\/api.w.org\/{rel}","templated":true}]}}