{"id":43,"date":"2021-06-07T09:43:01","date_gmt":"2021-06-07T09:43:01","guid":{"rendered":"http:\/\/artisus-project.eu\/?page_id=43"},"modified":"2022-04-14T17:58:24","modified_gmt":"2022-04-14T14:58:24","slug":"about-us","status":"publish","type":"page","link":"https:\/\/artisus-project.eu\/ro\/about-us\/","title":{"rendered":"Despre Noi"},"content":{"rendered":"<section class=\"wpb-content-wrapper\"><div class=\"vc_row wpb_row vc_row-fluid\"><div class=\"wpb_column vc_column_container vc_col-sm-12\"><div class=\"vc_column-inner\"><div class=\"wpb_wrapper\">\n\t<div class=\"wpb_text_column wpb_content_element  wpb_animate_when_almost_visible wpb_bounceInRight bounceInRight\" >\n\t\t<div class=\"wpb_wrapper\">\n\t\t\t<p>Proiectul \u201cArta pentru inova\u021bia local\u0103 (Art is Us)\u201d este un proiect care se deruleaz\u0103 pe parcursul a doi ani, fiind co-finan\u021bat de c\u0103tre Comisia European\u0103 prin programul ERASMUS+ KA227 \u201cParteneriate pentru creativitate\u201d (Num\u0103rul proiectului: 2020-1-SI01-KA227-ADU-093618).<\/p>\n<p>Proiectul Art is Us \u00ee\u0219i propune s\u0103 utilizeze for\u021ba culturii asupra  reafirm\u0103rii comunit\u0103\u021bilor pentru a r\u0103spunde impactului sever pe care pandemia COVID-19 l-a avut, at\u00e2t asupra arti\u0219tilor \u0219i sectorului cultural, c\u00e2t \u0219i asupra incluziunii sociale \u0219i coeziunii.<\/p>\n<p>Instruie\u0219te arti\u0219tii, liderii comunit\u0103\u021bii \u0219i educatorii de art\u0103 pentru a dezvolta abilit\u0103\u021bi \u0219i competen\u021be cheie pentru o carier\u0103 creativ\u0103 durabil\u0103, oferindu-le totodat\u0103 posibilitatea de a fi inovatori de succes \u00een comunit\u0103\u021bile lor. \u00cembun\u0103t\u0103\u021be\u0219te incluziunea social\u0103 prin promovarea abord\u0103rii dialogului intercultural si practica artei participative.<\/p>\n<p>Proiectul se face remarcat prin experien\u021ba tuturor membrilor consor\u021biului \u00een predarea artelor cu o abordare social\u0103 \u0219i dezvoltarea con\u021binutului, \u00eenv\u0103\u021barea digital\u0103 \u0219i multimedia, ini\u021biativele de art\u0103 comunitar\u0103, orientarea \u00een carier\u0103 \u0219i dezvoltarea abilit\u0103\u021bilor pentru a proiecta \u0219i dezvolta un curs de educa\u021bie de \u00eenalt\u0103 calitate dedicat adul\u021bilor privind Dezvoltarea Inovativ\u0103 a Comunit\u0103\u021bii.<\/p>\n\n\t\t<\/div>\n\t<\/div>\n<\/div><\/div><\/div><\/div>\n<\/section>","protected":false},"excerpt":{"rendered":"The project \u201cArt for Local Innovation (Art [...]","protected":false},"author":1,"featured_media":0,"parent":0,"menu_order":0,"comment_status":"closed","ping_status":"closed","template":"page-full.php","meta":{"footnotes":""},"_links":{"self":[{"href":"https:\/\/artisus-project.eu\/ro\/wp-json\/wp\/v2\/pages\/43"}],"collection":[{"href":"https:\/\/artisus-project.eu\/ro\/wp-json\/wp\/v2\/pages"}],"about":[{"href":"https:\/\/artisus-project.eu\/ro\/wp-json\/wp\/v2\/types\/page"}],"author":[{"embeddable":true,"href":"https:\/\/artisus-project.eu\/ro\/wp-json\/wp\/v2\/users\/1"}],"replies":[{"embeddable":true,"href":"https:\/\/artisus-project.eu\/ro\/wp-json\/wp\/v2\/comments?post=43"}],"version-history":[{"count":0,"href":"https:\/\/artisus-project.eu\/ro\/wp-json\/wp\/v2\/pages\/43\/revisions"}],"wp:attachment":[{"href":"https:\/\/artisus-project.eu\/ro\/wp-json\/wp\/v2\/media?parent=43"}],"curies":[{"name":"wp","href":"https:\/\/api.w.org\/{rel}","templated":true}]}}