{"id":68,"date":"2021-06-07T10:08:27","date_gmt":"2021-06-07T10:08:27","guid":{"rendered":"http:\/\/artisus-project.eu\/?page_id=68"},"modified":"2022-10-10T11:48:21","modified_gmt":"2022-10-10T08:48:21","slug":"art-is-us-course","status":"publish","type":"page","link":"https:\/\/artisus-project.eu\/it\/art-is-us-course\/","title":{"rendered":"Corsi Art is Us"},"content":{"rendered":"<section class=\"wpb-content-wrapper\"><div class=\"vc_row wpb_row vc_row-fluid\"><div class=\"wpb_column vc_column_container vc_col-sm-12\"><div class=\"vc_column-inner\"><div class=\"wpb_wrapper\">\n\t<div class=\"wpb_video_widget wpb_content_element vc_clearfix   vc_video-aspect-ratio-169 vc_video-el-width-100 vc_video-align-center\" >\n\t\t<div class=\"wpb_wrapper\">\n\t\t\t\n\t\t\t<div class=\"wpb_video_wrapper\"><iframe title=\"Art is Us online learning Course Syllabus\" width=\"500\" height=\"281\" src=\"https:\/\/www.youtube.com\/embed\/wsb3xrVYzDE?feature=oembed\" frameborder=\"0\" allow=\"accelerometer; autoplay; clipboard-write; encrypted-media; gyroscope; picture-in-picture\" allowfullscreen><\/iframe><\/div>\n\t\t<\/div>\n\t<\/div>\n<div class=\"vc_empty_space\"   style=\"height: 32px\"><span class=\"vc_empty_space_inner\"><\/span><\/div>\n\t<div class=\"wpb_text_column wpb_content_element  wpb_animate_when_almost_visible wpb_fadeIn fadeIn\" >\n\t\t<div class=\"wpb_wrapper\">\n\t\t\t<p>I microcorsi di apprendimento ABC - Art for Building Community si focalizzano sul modo in cui \u00e8 possibile avvalersi della capacit\u00e0 trasformativa della creativit\u00e0 per la rigenerazione della comunit\u00e0, per rispondere alle sfide sociali contemporanee, come il grave impatto che la pandemia COVID-19 ha avuto sugli artisti, sul settore culturale, sull'inclusione e la coesione sociale.<\/p>\n<p>Il contenuto dell'apprendimento \u00e8 progettato principalmente per\u00a0<strong>artisti non professionisti, leader di comunit\u00e0 ed educatori artistici<\/strong> affinch\u00e9 diventino innovatori di successo nelle loro comunit\u00e0.<\/p>\n<p>L'obiettivo dei 4 corsi \u00e8 quello di fornire ai discenti gli strumenti per sviluppare idee, progetti e attivit\u00e0 volte a incoraggiare l'inclusione sociale promuovendo approcci innovativi, basati sulle arti, sulla partecipazione e sul dialogo interculturale.<\/p>\n<p><strong>Corso di microapprendimento 1<\/strong><\/p>\n<p>Nel corso di microlearning 1, \"Capire la comunit\u00e0 e il Co-design\", imparerai tutto su cosa \u00e8 una comunit\u00e0, esplorerai diversi esempi di comunit\u00e0 e come puoi dare potere alle persone della comunit\u00e0. Affronteremo anche la definizione e i livelli di co-design, l'impegno con la comunit\u00e0, gli strumenti, le sfide e i benefici del co-design e il contributo delle nuove tecnologie.<\/p>\n<p><strong>Corso di microapprendimento 2:<\/strong><\/p>\n<p>Nel secondo corso di microlearning \"Networking and Partnership Building\" imparererai come stabilire relazioni dove non ce ne sono, riconnettere quelle interrotte, e costruire partenariati che si basano su uguaglianza, equit\u00e0 e solidariet\u00e0. Spiegheremo le sfide associate alla costruzione di reti sociali inclusive; imparerai la portata e il potenziale della variet\u00e0 dei tuoi ruoli, cos\u00ec come usarli per avere pi\u00f9 successo nell'innovare una comunit\u00e0. I casi di studio offerti ti daranno un\u2019idea delle sfide che potrebbero aspettarti, cos\u00ec come alcuni degli strumenti pratici da utilizzare.<\/p>\n<p><strong>Corso di microapprendimento 3<\/strong><\/p>\n<p>Nel terzo corso di microlearning \"Budgeting e Fundraising\" apprenderai alcuni concetti e strumenti di base per gestire il lato economico e finanziario di un progetto e come creare un budget da zero. Ti spiegheremo come sviluppare una strategia adeguata per trovare fondi per realizzare un progetto; conoscerai il mondo dei \"donatori\" e i diversi tipi di donazioni e come entrare in contatto con loro. Attraverso esempi e casi di studio otterrai strumenti pratici da utilizzare nel tuo lavoro.<\/p>\n<p><strong>Corso di microapprendimento 4<\/strong><\/p>\n<p>Imprenditorialit\u00e0 e costruzione della carriera.\nNel quarto corso di microlearning dal titolo \"Imprenditorialit\u00e0 e costruzione della carriera\", esplorerai le possibilit\u00e0 che potresti considerare per identificare il tuo percorso di carriera come artista\/creativo. Imparerai anche come trasformare la tua idea in un'impresa creativa che pu\u00f2 portare valore aggiunto alla tua comunit\u00e0 cos\u00ec come le basi dell'imprenditorialit\u00e0 con una forte attenzione all'imprenditorialit\u00e0 sociale e artistica. Inoltre, imparerai come identificare e valutare un'idea di business, come fare ricerche di mercato e creare e utilizzare il business model canvas, capire cosa sono il marketing, il marchio e il branding, come finanziare e sostenere il tuo business pur avendo un impatto sociale.<\/p>\n\n\t\t<\/div>\n\t<\/div>\n\n\t<div class=\"wpb_text_column wpb_content_element  wpb_animate_when_almost_visible wpb_fadeIn fadeIn\" >\n\t\t<div class=\"wpb_wrapper\">\n\t\t\t<p style=\"text-align: center;\">Scan the QR code or follow the <a href=\"https:\/\/mooc.artisus-project.eu\/register?next=%2F\">link<\/a>,<br \/>\ncreate a profile on the learning platform and sign up for the courses!<\/p>\n\n\t\t<\/div>\n\t<\/div>\n\n\t<div  class=\"wpb_single_image wpb_content_element vc_align_center  wpb_animate_when_almost_visible wpb_fadeInUp fadeInUp\">\n\t\t\n\t\t<figure class=\"wpb_wrapper vc_figure\">\n\t\t\t<div class=\"vc_single_image-wrapper   vc_box_border_grey\"><img width=\"300\" height=\"300\" src=\"https:\/\/artisus-project.eu\/wp-content\/uploads\/2022\/04\/3-1-300x300.png\" class=\"vc_single_image-img attachment-medium\" alt=\"\" decoding=\"async\" title=\"3\" loading=\"lazy\" srcset=\"https:\/\/artisus-project.eu\/wp-content\/uploads\/2022\/04\/3-1-300x300.png 300w, https:\/\/artisus-project.eu\/wp-content\/uploads\/2022\/04\/3-1-150x150.png 150w, https:\/\/artisus-project.eu\/wp-content\/uploads\/2022\/04\/3-1-12x12.png 12w, https:\/\/artisus-project.eu\/wp-content\/uploads\/2022\/04\/3-1.png 320w\" sizes=\"(max-width: 300px) 100vw, 300px\" \/><\/div>\n\t\t<\/figure>\n\t<\/div>\n<\/div><\/div><\/div><\/div><div class=\"vc_row wpb_row vc_row-fluid\"><div class=\"wpb_column vc_column_container vc_col-sm-12\"><div class=\"vc_column-inner\"><div class=\"wpb_wrapper\"><div class=\"vc_row wpb_row vc_inner vc_row-fluid\"><div class=\"wpb_column vc_column_container vc_col-sm-12\"><div class=\"vc_column-inner\"><div class=\"wpb_wrapper\">\n\t<div class=\"wpb_text_column wpb_content_element\" >\n\t\t<div class=\"wpb_wrapper\">\n\t\t\t<p><strong>INSTRUCTIONS<\/strong><\/p>\n<div style=\"width: 1920px;\" class=\"wp-video\"><!--[if lt IE 9]><script>document.createElement('video');<\/script><![endif]-->\n<video class=\"wp-video-shortcode\" id=\"video-68-1\" width=\"1920\" height=\"1040\" preload=\"metadata\" controls=\"controls\"><source type=\"video\/mp4\" src=\"https:\/\/artisus-project.eu\/wp-content\/uploads\/2022\/10\/Platform_instructions.mp4?_=1\" \/><a href=\"https:\/\/artisus-project.eu\/wp-content\/uploads\/2022\/10\/Platform_instructions.mp4\">https:\/\/artisus-project.eu\/wp-content\/uploads\/2022\/10\/Platform_instructions.mp4<\/a><\/video><\/div>\n\n\t\t<\/div>\n\t<\/div>\n<\/div><\/div><\/div><\/div><\/div><\/div><\/div><\/div>\n<\/section>","protected":false},"excerpt":{"rendered":"The ABC - Art for Building Community [...]","protected":false},"author":1,"featured_media":0,"parent":0,"menu_order":0,"comment_status":"closed","ping_status":"closed","template":"page-full.php","meta":{"footnotes":""},"_links":{"self":[{"href":"https:\/\/artisus-project.eu\/it\/wp-json\/wp\/v2\/pages\/68"}],"collection":[{"href":"https:\/\/artisus-project.eu\/it\/wp-json\/wp\/v2\/pages"}],"about":[{"href":"https:\/\/artisus-project.eu\/it\/wp-json\/wp\/v2\/types\/page"}],"author":[{"embeddable":true,"href":"https:\/\/artisus-project.eu\/it\/wp-json\/wp\/v2\/users\/1"}],"replies":[{"embeddable":true,"href":"https:\/\/artisus-project.eu\/it\/wp-json\/wp\/v2\/comments?post=68"}],"version-history":[{"count":0,"href":"https:\/\/artisus-project.eu\/it\/wp-json\/wp\/v2\/pages\/68\/revisions"}],"wp:attachment":[{"href":"https:\/\/artisus-project.eu\/it\/wp-json\/wp\/v2\/media?parent=68"}],"curies":[{"name":"wp","href":"https:\/\/api.w.org\/{rel}","templated":true}]}}