{"id":47,"date":"2021-06-07T09:44:00","date_gmt":"2021-06-07T09:44:00","guid":{"rendered":"http:\/\/artisus-project.eu\/?page_id=47"},"modified":"2021-06-07T10:08:53","modified_gmt":"2021-06-07T10:08:53","slug":"results","status":"publish","type":"page","link":"https:\/\/artisus-project.eu\/it\/results\/","title":{"rendered":"Risultati"},"content":{"rendered":"<section class=\"wpb-content-wrapper\"><div class=\"vc_row wpb_row vc_row-fluid\"><div class=\"wpb_column vc_column_container vc_col-sm-12\"><div class=\"vc_column-inner\"><div class=\"wpb_wrapper\"><br \/>\n<div class=\"vc_tta-container\" data-vc-action=\"collapse\"><div class=\"vc_general vc_tta vc_tta-accordion vc_tta-color-chino vc_tta-style-flat vc_tta-shape-square vc_tta-o-shape-group vc_tta-controls-align-left\"><div class=\"vc_tta-panels-container\"><div class=\"vc_tta-panels\"><\/p>\n<div class=\"vc_tta-panel vc_active\" id=\"1585668826951-41b3f8c9-0c32\" data-vc-content=\".vc_tta-panel-body\"><div class=\"vc_tta-panel-heading\"><h4 class=\"vc_tta-panel-title vc_tta-controls-icon-position-left\"><a href=\"#1585668826951-41b3f8c9-0c32\" data-vc-accordion data-vc-container=\".vc_tta-container\"><span class=\"vc_tta-title-text\">1. Quatto Micro moduli di apprendimento<\/span><i class=\"vc_tta-controls-icon vc_tta-controls-icon-plus\"><\/i><\/a><\/h4><\/div><div class=\"vc_tta-panel-body\">\n\t<div class=\"wpb_text_column wpb_content_element\" >\n\t\t<div class=\"wpb_wrapper\">\n\t\t\t<p>costruiti su obiettivi di apprendimento attentamente progettati e offerti in un modo coinvolgente e interattivo. I moduli rappresentano il viaggio degli studenti dalla comprensione della comunit\u00e0 \u2192costruzione di partnership \u2192budgeting\/ raccolta di fondi \u2192carriera artistica sostenibile e possono essere seguiti da soli o integrati con altre forme di insegnamento. Nel programma Art is Us, i moduli sono erogati in modalit\u00e0 di apprendimento misto<\/p>\n\n\t\t<\/div>\n\t<\/div>\n<\/div><\/div><div class=\"vc_tta-panel\" id=\"1585668826964-d63cf46d-9bc0\" data-vc-content=\".vc_tta-panel-body\"><div class=\"vc_tta-panel-heading\"><h4 class=\"vc_tta-panel-title vc_tta-controls-icon-position-left\"><a href=\"#1585668826964-d63cf46d-9bc0\" data-vc-accordion data-vc-container=\".vc_tta-container\"><span class=\"vc_tta-title-text\">2. Art Is Us Piattaforma Web<\/span><i class=\"vc_tta-controls-icon vc_tta-controls-icon-plus\"><\/i><\/a><\/h4><\/div><div class=\"vc_tta-panel-body\">\n\t<div class=\"wpb_text_column wpb_content_element\" >\n\t\t<div class=\"wpb_wrapper\">\n\t\t\t<p>2.1. SITO di PROGETTO and SOCIAL MEDIA<br \/>\n2.2. Biblioteca Virtuale \/ colleazione di risorse digitali<br \/>\n2.3. SPAZIO INNOVAZIONE\/ forum per discussioni\/ workshop tematici<br \/>\n2.4. Studenti\/educatori\/mentori STORIE PERSONALI\/TESTIMONIAL<br \/>\n2.5. Una sensazionale MOSTRA\/ EVENTO ESPOSITIVO per tutti i prodotti pubblici del progetto<\/p>\n\n\t\t<\/div>\n\t<\/div>\n<\/div><\/div><div class=\"vc_tta-panel\" id=\"1585668946500-06743596-621f\" data-vc-content=\".vc_tta-panel-body\"><div class=\"vc_tta-panel-heading\"><h4 class=\"vc_tta-panel-title vc_tta-controls-icon-position-left\"><a href=\"#1585668946500-06743596-621f\" data-vc-accordion data-vc-container=\".vc_tta-container\"><span class=\"vc_tta-title-text\">3. Vlog<\/span><i class=\"vc_tta-controls-icon vc_tta-controls-icon-plus\"><\/i><\/a><\/h4><\/div><div class=\"vc_tta-panel-body\">\n\t<div class=\"wpb_text_column wpb_content_element\" >\n\t\t<div class=\"wpb_wrapper\">\n\t\t\t<p>Registrare le attivit\u00e0 di Open Innovation che saranno organizzate in base alla visione e alle idee dei discenti per i cambiamenti nelle loro comunit\u00e0.<\/p>\n\n\t\t<\/div>\n\t<\/div>\n<\/div><\/div><div class=\"vc_tta-panel\" id=\"1585668949020-764638ee-bced\" data-vc-content=\".vc_tta-panel-body\"><div class=\"vc_tta-panel-heading\"><h4 class=\"vc_tta-panel-title vc_tta-controls-icon-position-left\"><a href=\"#1585668949020-764638ee-bced\" data-vc-accordion data-vc-container=\".vc_tta-container\"><span class=\"vc_tta-title-text\">4. Video Guida per l'innovazione comunitaria attraverso le arti<\/span><i class=\"vc_tta-controls-icon vc_tta-controls-icon-plus\"><\/i><\/a><\/h4><\/div><div class=\"vc_tta-panel-body\">\n\t<div class=\"wpb_text_column wpb_content_element\" >\n\t\t<div class=\"wpb_wrapper\">\n\t\t\t<p>La guida ha lo scopo di ispirare artisti, educatori, leader della comunit\u00e0 e leader politici a creare valore aggiunto attraverso processi creativi inclusivi. Pu\u00f2 essere usata sia come stand-alone che per accompagnare corsi di formazione pertinenti. La guida conterr\u00e0 anche esempi e informazioni pratiche.<\/p>\n\n\t\t<\/div>\n\t<\/div>\n<\/div><\/div><div class=\"vc_tta-panel\" id=\"1585669012900-ed0e0ec5-b073\" data-vc-content=\".vc_tta-panel-body\"><div class=\"vc_tta-panel-heading\"><h4 class=\"vc_tta-panel-title vc_tta-controls-icon-position-left\"><a href=\"#1585669012900-ed0e0ec5-b073\" data-vc-accordion data-vc-container=\".vc_tta-container\"><span class=\"vc_tta-title-text\">5. Video promozionale del progetto<\/span><i class=\"vc_tta-controls-icon vc_tta-controls-icon-plus\"><\/i><\/a><\/h4><\/div><div class=\"vc_tta-panel-body\">\n\t<div class=\"wpb_text_column wpb_content_element\" >\n\t\t<div class=\"wpb_wrapper\">\n\t\t\t<p>Per contribuire allo sfruttamento del progetto6-Video Dialogues With Learners<\/p>\n\n\t\t<\/div>\n\t<\/div>\n<\/div><\/div><div class=\"vc_tta-panel\" id=\"1585669016879-b37369cb-c8ca\" data-vc-content=\".vc_tta-panel-body\"><div class=\"vc_tta-panel-heading\"><h4 class=\"vc_tta-panel-title vc_tta-controls-icon-position-left\"><a href=\"#1585669016879-b37369cb-c8ca\" data-vc-accordion data-vc-container=\".vc_tta-container\"><span class=\"vc_tta-title-text\">6. Video Dialogues With Learners<\/span><i class=\"vc_tta-controls-icon vc_tta-controls-icon-plus\"><\/i><\/a><\/h4><\/div><div class=\"vc_tta-panel-body\">\n\t<div class=\"wpb_text_column wpb_content_element\" >\n\t\t<div class=\"wpb_wrapper\">\n\t\t\t<p>Una serie di almeno sei video sar\u00e0 prodotta per gli studenti per presentare le loro esperienze del progetto Art is Us, la loro visione per la loro comunit\u00e0 e il loro lavoro, per contribuire alla diffusione del progetto.<\/p>\n\n\t\t<\/div>\n\t<\/div>\n<\/div><\/div><div class=\"vc_tta-panel\" id=\"1585669017484-183fd3d0-7f89\" data-vc-content=\".vc_tta-panel-body\"><div class=\"vc_tta-panel-heading\"><h4 class=\"vc_tta-panel-title vc_tta-controls-icon-position-left\"><a href=\"#1585669017484-183fd3d0-7f89\" data-vc-accordion data-vc-container=\".vc_tta-container\"><span class=\"vc_tta-title-text\">7. Video degli studenti che partecipano alle attivit\u00e0 di mobilit\u00e0 transnazionale<\/span><i class=\"vc_tta-controls-icon vc_tta-controls-icon-plus\"><\/i><\/a><\/h4><\/div><div class=\"vc_tta-panel-body\">\n\t<div class=\"wpb_text_column wpb_content_element\" >\n\t\t<div class=\"wpb_wrapper\">\n\t\t\t<p>Gli studenti saranno incoraggiati a registrare brevi video\/interviste durante il loro soggiorno sulle loro esperienze e sui benefici (o difetti) di apprendimento e di creativit\u00e0 delle loro visite. Questi video saranno successivamente montati graficamente e utilizzati per gli scopi di disseminazione del progetto.<\/p>\n\n\t\t<\/div>\n\t<\/div>\n<\/div><\/div><div class=\"vc_tta-panel\" id=\"1585669017484-183fd3d0-7f81\" data-vc-content=\".vc_tta-panel-body\"><div class=\"vc_tta-panel-heading\"><h4 class=\"vc_tta-panel-title vc_tta-controls-icon-position-left\"><a href=\"#1585669017484-183fd3d0-7f81\" data-vc-accordion data-vc-container=\".vc_tta-container\"><span class=\"vc_tta-title-text\">8. Video degli eventi moltiplicatori<\/span><i class=\"vc_tta-controls-icon vc_tta-controls-icon-plus\"><\/i><\/a><\/h4><\/div><div class=\"vc_tta-panel-body\">\n\t<div class=\"wpb_text_column wpb_content_element\" >\n\t\t<div class=\"wpb_wrapper\">\n\t\t\t<p>I world caf\u00e8, gli eventi nazionali\/regionali e la mostra finale su larga scala di Art is Us saranno registrati o trasmessi in diretta sui social media per contribuire alla diffusione del progetto. Sar\u00e0 richiesto il consenso dei partecipanti.<\/p>\n\n\t\t<\/div>\n\t<\/div>\n<\/div><\/div><div class=\"vc_tta-panel\" id=\"1585669017484-183fd3d0-7f11\" data-vc-content=\".vc_tta-panel-body\"><div class=\"vc_tta-panel-heading\"><h4 class=\"vc_tta-panel-title vc_tta-controls-icon-position-left\"><a href=\"#1585669017484-183fd3d0-7f11\" data-vc-accordion data-vc-container=\".vc_tta-container\"><span class=\"vc_tta-title-text\">9. Newsletter<\/span><i class=\"vc_tta-controls-icon vc_tta-controls-icon-plus\"><\/i><\/a><\/h4><\/div><div class=\"vc_tta-panel-body\">\n\t<div class=\"wpb_text_column wpb_content_element\" >\n\t\t<div class=\"wpb_wrapper\">\n\t\t\t<p>Almeno quattro newsletter saranno inviate agli stakeholder identificati per contribuire alla diffusione del progetto.<\/p>\n\n\t\t<\/div>\n\t<\/div>\n<\/div><\/div><\/div><\/div><\/div><\/div><\/div><\/div><\/div><\/div>\n<\/section>","protected":false},"excerpt":{"rendered":"1. Four Microlearning Modules Built upon carefully [...]","protected":false},"author":1,"featured_media":0,"parent":0,"menu_order":0,"comment_status":"closed","ping_status":"closed","template":"page-full.php","meta":{"footnotes":""},"_links":{"self":[{"href":"https:\/\/artisus-project.eu\/it\/wp-json\/wp\/v2\/pages\/47"}],"collection":[{"href":"https:\/\/artisus-project.eu\/it\/wp-json\/wp\/v2\/pages"}],"about":[{"href":"https:\/\/artisus-project.eu\/it\/wp-json\/wp\/v2\/types\/page"}],"author":[{"embeddable":true,"href":"https:\/\/artisus-project.eu\/it\/wp-json\/wp\/v2\/users\/1"}],"replies":[{"embeddable":true,"href":"https:\/\/artisus-project.eu\/it\/wp-json\/wp\/v2\/comments?post=47"}],"version-history":[{"count":0,"href":"https:\/\/artisus-project.eu\/it\/wp-json\/wp\/v2\/pages\/47\/revisions"}],"wp:attachment":[{"href":"https:\/\/artisus-project.eu\/it\/wp-json\/wp\/v2\/media?parent=47"}],"curies":[{"name":"wp","href":"https:\/\/api.w.org\/{rel}","templated":true}]}}