{"id":43,"date":"2021-06-07T09:43:01","date_gmt":"2021-06-07T09:43:01","guid":{"rendered":"http:\/\/artisus-project.eu\/?page_id=43"},"modified":"2022-04-14T17:58:24","modified_gmt":"2022-04-14T14:58:24","slug":"about-us","status":"publish","type":"page","link":"https:\/\/artisus-project.eu\/it\/about-us\/","title":{"rendered":"Chi siamo"},"content":{"rendered":"<section class=\"wpb-content-wrapper\"><div class=\"vc_row wpb_row vc_row-fluid\"><div class=\"wpb_column vc_column_container vc_col-sm-12\"><div class=\"vc_column-inner\"><div class=\"wpb_wrapper\">\n\t<div class=\"wpb_text_column wpb_content_element  wpb_animate_when_almost_visible wpb_bounceInRight bounceInRight\" >\n\t\t<div class=\"wpb_wrapper\">\n\t\t\t<p>Il progetto \u201cArt for Local Innovation (Art is Us)\u201d \u00e8 un progetto di due anni finanziato dall\u2019Unione Europea nell\u2019ambito del programma ERASMUS+ KA227 \u201cPartnerships for Creativity\u201d (Numero accordo: 2020-1-SI01-KA227-ADU-093618).<\/p>\n<p>Il progetto Art is Us mira a utilizzare la forza trasformativa della cultura per la rigenerazione della comunit\u00e0 per rispondere al grave impatto che la pandemia COVID-19 ha avuto sia sugli artisti che sul settore culturale e sull'inclusione e coesione sociale.<\/p>\n<p>Fornisce agli artisti, ai leader della comunit\u00e0 e agli educatori artistici le abilit\u00e0 e le competenze chiave per una carriera creativa sostenibile e d\u00e0 loro l'opportunit\u00e0 di essere innovatori di successo nelle loro comunit\u00e0. Migliora l'inclusione sociale promuovendo approcci innovativi, partecipativi basati sulle arti e sul dialogo interculturale.<\/p>\n<p>Il progetto utilizza efficacemente la forte esperienza di tutti i membri del consorzio impegnati nell'insegnamento delle arti sociali e nello sviluppo di contenuti e-learning e multimedia, in iniziative artistiche comunitarie e di orientamento professionale e sviluppo di competenze. L\u2019intento \u00e8 quello di progettare e sviluppare un corso di alta qualit\u00e0 per adulti per lo sviluppo innovativo della comunit\u00e0.<\/p>\n\n\t\t<\/div>\n\t<\/div>\n<\/div><\/div><\/div><\/div>\n<\/section>","protected":false},"excerpt":{"rendered":"The project \u201cArt for Local Innovation (Art [...]","protected":false},"author":1,"featured_media":0,"parent":0,"menu_order":0,"comment_status":"closed","ping_status":"closed","template":"page-full.php","meta":{"footnotes":""},"_links":{"self":[{"href":"https:\/\/artisus-project.eu\/it\/wp-json\/wp\/v2\/pages\/43"}],"collection":[{"href":"https:\/\/artisus-project.eu\/it\/wp-json\/wp\/v2\/pages"}],"about":[{"href":"https:\/\/artisus-project.eu\/it\/wp-json\/wp\/v2\/types\/page"}],"author":[{"embeddable":true,"href":"https:\/\/artisus-project.eu\/it\/wp-json\/wp\/v2\/users\/1"}],"replies":[{"embeddable":true,"href":"https:\/\/artisus-project.eu\/it\/wp-json\/wp\/v2\/comments?post=43"}],"version-history":[{"count":0,"href":"https:\/\/artisus-project.eu\/it\/wp-json\/wp\/v2\/pages\/43\/revisions"}],"wp:attachment":[{"href":"https:\/\/artisus-project.eu\/it\/wp-json\/wp\/v2\/media?parent=43"}],"curies":[{"name":"wp","href":"https:\/\/api.w.org\/{rel}","templated":true}]}}