{"id":47,"date":"2021-06-07T09:44:00","date_gmt":"2021-06-07T09:44:00","guid":{"rendered":"http:\/\/artisus-project.eu\/?page_id=47"},"modified":"2021-06-07T10:08:53","modified_gmt":"2021-06-07T10:08:53","slug":"results","status":"publish","type":"page","link":"https:\/\/artisus-project.eu\/de\/results\/","title":{"rendered":"Ergebnisse"},"content":{"rendered":"<section class=\"wpb-content-wrapper\"><div class=\"vc_row wpb_row vc_row-fluid\"><div class=\"wpb_column vc_column_container vc_col-sm-12\"><div class=\"vc_column-inner\"><div class=\"wpb_wrapper\"><br \/>\n<div class=\"vc_tta-container\" data-vc-action=\"collapse\"><div class=\"vc_general vc_tta vc_tta-accordion vc_tta-color-chino vc_tta-style-flat vc_tta-shape-square vc_tta-o-shape-group vc_tta-controls-align-left\"><div class=\"vc_tta-panels-container\"><div class=\"vc_tta-panels\"><\/p>\n<div class=\"vc_tta-panel vc_active\" id=\"1585668826951-41b3f8c9-0c32\" data-vc-content=\".vc_tta-panel-body\"><div class=\"vc_tta-panel-heading\"><h4 class=\"vc_tta-panel-title vc_tta-controls-icon-position-left\"><a href=\"#1585668826951-41b3f8c9-0c32\" data-vc-accordion data-vc-container=\".vc_tta-container\"><span class=\"vc_tta-title-text\">1. Vier Mikro-Lernmodule<\/span><i class=\"vc_tta-controls-icon vc_tta-controls-icon-plus\"><\/i><\/a><\/h4><\/div><div class=\"vc_tta-panel-body\">\n\t<div class=\"wpb_text_column wpb_content_element\" >\n\t\t<div class=\"wpb_wrapper\">\n\t\t\t<p>Sorgsam auf die Lernziele ausgerichtete Inhalte b\u00fcndeln sich in ansprechenden und interaktiven Lernmodulen. Die Module repr\u00e4sentieren hierbei den Weg der Lernenden vom Verst\u00e4ndnis der Zielgruppe \u2192 Aufbau von Partnerschaften \u2192 Budgetierung\/Fundraising \u2192 nachhaltige Kunstkarriere und k\u00f6nnen sowohl einzeln als auch in Verbindung mit anderen Trainings bearbeitet werden. Im Rahmen des Programms \u201eArt is Us\u201c werden die Module durch Blended Learning vermittelt.<\/p>\n\n\t\t<\/div>\n\t<\/div>\n<\/div><\/div><div class=\"vc_tta-panel\" id=\"1585668826964-d63cf46d-9bc0\" data-vc-content=\".vc_tta-panel-body\"><div class=\"vc_tta-panel-heading\"><h4 class=\"vc_tta-panel-title vc_tta-controls-icon-position-left\"><a href=\"#1585668826964-d63cf46d-9bc0\" data-vc-accordion data-vc-container=\".vc_tta-container\"><span class=\"vc_tta-title-text\">2. Die \u201eArt is Us\u201c-Webplattform<\/span><i class=\"vc_tta-controls-icon vc_tta-controls-icon-plus\"><\/i><\/a><\/h4><\/div><div class=\"vc_tta-panel-body\">\n\t<div class=\"wpb_text_column wpb_content_element\" >\n\t\t<div class=\"wpb_wrapper\">\n\t\t\t<p>2.1. PROJEKTWEBSEITE und SOCIAL MEDIA<br \/>\n2.2. VIRTUELLE BIBLIOTHEK \/ digitale Sammlung von Ressourcen<br \/>\n2.3. INNOVATIONSRAUM\/ Forum f\u00fcr Diskussionen\/ thematische Workshops<br \/>\n2.4. PERS\u00d6NLICHE GESCHICHTEN\/Testimonials von Lernenden\/P\u00e4dagogen\/Mentoren<br \/>\n2.5. Ein attraktiver AUSSTELLUNGS-\/ VERANSTALTUNGSRAUM f\u00fcr alle \u00f6ffentlichen Projektergebnisse<\/p>\n\n\t\t<\/div>\n\t<\/div>\n<\/div><\/div><div class=\"vc_tta-panel\" id=\"1585668946500-06743596-621f\" data-vc-content=\".vc_tta-panel-body\"><div class=\"vc_tta-panel-heading\"><h4 class=\"vc_tta-panel-title vc_tta-controls-icon-position-left\"><a href=\"#1585668946500-06743596-621f\" data-vc-accordion data-vc-container=\".vc_tta-container\"><span class=\"vc_tta-title-text\">3. Vlog<\/span><i class=\"vc_tta-controls-icon vc_tta-controls-icon-plus\"><\/i><\/a><\/h4><\/div><div class=\"vc_tta-panel-body\">\n\t<div class=\"wpb_text_column wpb_content_element\" >\n\t\t<div class=\"wpb_wrapper\">\n\t\t\t<p>Ein Vlog, der die Offenen Innovationsaktivit\u00e4ten aufzeichnet, welche auf Grundlage der Ideen und Vorstellungen der Lernenden f\u00fcr die Ver\u00e4nderungen in ihren Communities organisiert werden.<\/p>\n\n\t\t<\/div>\n\t<\/div>\n<\/div><\/div><div class=\"vc_tta-panel\" id=\"1585668949020-764638ee-bced\" data-vc-content=\".vc_tta-panel-body\"><div class=\"vc_tta-panel-heading\"><h4 class=\"vc_tta-panel-title vc_tta-controls-icon-position-left\"><a href=\"#1585668949020-764638ee-bced\" data-vc-accordion data-vc-container=\".vc_tta-container\"><span class=\"vc_tta-title-text\">4. Video-Leitfaden f\u00fcr gemeinschaftliche Innovation durch Kunst<\/span><i class=\"vc_tta-controls-icon vc_tta-controls-icon-plus\"><\/i><\/a><\/h4><\/div><div class=\"vc_tta-panel-body\">\n\t<div class=\"wpb_text_column wpb_content_element\" >\n\t\t<div class=\"wpb_wrapper\">\n\t\t\t<p>Der Leitfaden soll K\u00fcnstlerInnen, P\u00e4dagogInnen, gesellschaftliche F\u00fchrungspers\u00f6nlichkeiten und politische Entscheidungstr\u00e4gerInnen dazu inspirieren, durch integrative und kreative Prozesse Mehrwerte zu schaffen. Es kann entweder allein oder begleitend zu einschl\u00e4gigen Trainings verwendet werden und wird Beispiele und praktische Informationen enthalten.<\/p>\n\n\t\t<\/div>\n\t<\/div>\n<\/div><\/div><div class=\"vc_tta-panel\" id=\"1585669012900-ed0e0ec5-b073\" data-vc-content=\".vc_tta-panel-body\"><div class=\"vc_tta-panel-heading\"><h4 class=\"vc_tta-panel-title vc_tta-controls-icon-position-left\"><a href=\"#1585669012900-ed0e0ec5-b073\" data-vc-accordion data-vc-container=\".vc_tta-container\"><span class=\"vc_tta-title-text\">5. Projekt-Werbevideo<\/span><i class=\"vc_tta-controls-icon vc_tta-controls-icon-plus\"><\/i><\/a><\/h4><\/div><div class=\"vc_tta-panel-body\">\n\t<div class=\"wpb_text_column wpb_content_element\" >\n\t\t<div class=\"wpb_wrapper\">\n\t\t\t<p>Das Werbevideo wird zur \u00d6ffentlichkeitswirksamkeit des Projekts beitragen.<\/p>\n\n\t\t<\/div>\n\t<\/div>\n<\/div><\/div><div class=\"vc_tta-panel\" id=\"1585669016879-b37369cb-c8ca\" data-vc-content=\".vc_tta-panel-body\"><div class=\"vc_tta-panel-heading\"><h4 class=\"vc_tta-panel-title vc_tta-controls-icon-position-left\"><a href=\"#1585669016879-b37369cb-c8ca\" data-vc-accordion data-vc-container=\".vc_tta-container\"><span class=\"vc_tta-title-text\">6. Videodialoge mit Lernenden<\/span><i class=\"vc_tta-controls-icon vc_tta-controls-icon-plus\"><\/i><\/a><\/h4><\/div><div class=\"vc_tta-panel-body\">\n\t<div class=\"wpb_text_column wpb_content_element\" >\n\t\t<div class=\"wpb_wrapper\">\n\t\t\t<p>Es werden mindestens sechs Videos produziert, in denen die Lernenden ihre Erfahrungen mit dem Projekt \u201eArt is Us\u201c, ihre Vision und ihre Arbeit f\u00fcr ihre Community vorstellen, und wie sie zur Verbreitung des Projekts beitragen werden.<\/p>\n\n\t\t<\/div>\n\t<\/div>\n<\/div><\/div><div class=\"vc_tta-panel\" id=\"1585669017484-183fd3d0-7f89\" data-vc-content=\".vc_tta-panel-body\"><div class=\"vc_tta-panel-heading\"><h4 class=\"vc_tta-panel-title vc_tta-controls-icon-position-left\"><a href=\"#1585669017484-183fd3d0-7f89\" data-vc-accordion data-vc-container=\".vc_tta-container\"><span class=\"vc_tta-title-text\">7. Videos von Lernenden, die an den transnationalen Jugendbegegnungen teilnehmen<\/span><i class=\"vc_tta-controls-icon vc_tta-controls-icon-plus\"><\/i><\/a><\/h4><\/div><div class=\"vc_tta-panel-body\">\n\t<div class=\"wpb_text_column wpb_content_element\" >\n\t\t<div class=\"wpb_wrapper\">\n\t\t\t<p>Die Lernenden werden dazu ermutigt, w\u00e4hrend ihres Aufenthalts kurze Videos\/Interviews \u00fcber ihre Erfahrungen und den Lern- und Kreativit\u00e4tsnutzen (oder die Defizite) ihrer Besuche aufzunehmen. Diese Videos werden sp\u00e4ter grafisch bearbeitet und f\u00fcr die \u00d6ffentlichkeitswirksamkeit des Projekts verwendet.<\/p>\n\n\t\t<\/div>\n\t<\/div>\n<\/div><\/div><div class=\"vc_tta-panel\" id=\"1585669017484-183fd3d0-7f81\" data-vc-content=\".vc_tta-panel-body\"><div class=\"vc_tta-panel-heading\"><h4 class=\"vc_tta-panel-title vc_tta-controls-icon-position-left\"><a href=\"#1585669017484-183fd3d0-7f81\" data-vc-accordion data-vc-container=\".vc_tta-container\"><span class=\"vc_tta-title-text\">8. Videos von Multiplier-Veranstaltungen<\/span><i class=\"vc_tta-controls-icon vc_tta-controls-icon-plus\"><\/i><\/a><\/h4><\/div><div class=\"vc_tta-panel-body\">\n\t<div class=\"wpb_text_column wpb_content_element\" >\n\t\t<div class=\"wpb_wrapper\">\n\t\t\t<p>Die Community Caf\u00e9s, nationale\/regionale Veranstaltungen und die abschlie\u00dfende, gro\u00df angelegte Ausstellung \u201eArt is Us\u201c werden aufgezeichnet und\/oder live in den sozialen Medien \u00fcbertragen, um zur \u00d6ffentlichkeitswirksamkeit des Projekts beizutragen. Die Einwilligung der TeilnehmerInnen wird dazu eingeholt werden.<\/p>\n\n\t\t<\/div>\n\t<\/div>\n<\/div><\/div><div class=\"vc_tta-panel\" id=\"1585669017484-183fd3d0-7f11\" data-vc-content=\".vc_tta-panel-body\"><div class=\"vc_tta-panel-heading\"><h4 class=\"vc_tta-panel-title vc_tta-controls-icon-position-left\"><a href=\"#1585669017484-183fd3d0-7f11\" data-vc-accordion data-vc-container=\".vc_tta-container\"><span class=\"vc_tta-title-text\">9. Newsletter<\/span><i class=\"vc_tta-controls-icon vc_tta-controls-icon-plus\"><\/i><\/a><\/h4><\/div><div class=\"vc_tta-panel-body\">\n\t<div class=\"wpb_text_column wpb_content_element\" >\n\t\t<div class=\"wpb_wrapper\">\n\t\t\t<p>Es werden mindestens vier Newsletter an die Stakeholder versandt werden, die zur \u00d6ffentlichkeitswirksamkeit des Projekts beitragen sollen.<\/p>\n\n\t\t<\/div>\n\t<\/div>\n<\/div><\/div><\/div><\/div><\/div><\/div><\/div><\/div><\/div><\/div>\n<\/section>","protected":false},"excerpt":{"rendered":"1. Four Microlearning Modules Built upon carefully [...]","protected":false},"author":1,"featured_media":0,"parent":0,"menu_order":0,"comment_status":"closed","ping_status":"closed","template":"page-full.php","meta":{"footnotes":""},"_links":{"self":[{"href":"https:\/\/artisus-project.eu\/de\/wp-json\/wp\/v2\/pages\/47"}],"collection":[{"href":"https:\/\/artisus-project.eu\/de\/wp-json\/wp\/v2\/pages"}],"about":[{"href":"https:\/\/artisus-project.eu\/de\/wp-json\/wp\/v2\/types\/page"}],"author":[{"embeddable":true,"href":"https:\/\/artisus-project.eu\/de\/wp-json\/wp\/v2\/users\/1"}],"replies":[{"embeddable":true,"href":"https:\/\/artisus-project.eu\/de\/wp-json\/wp\/v2\/comments?post=47"}],"version-history":[{"count":0,"href":"https:\/\/artisus-project.eu\/de\/wp-json\/wp\/v2\/pages\/47\/revisions"}],"wp:attachment":[{"href":"https:\/\/artisus-project.eu\/de\/wp-json\/wp\/v2\/media?parent=47"}],"curies":[{"name":"wp","href":"https:\/\/api.w.org\/{rel}","templated":true}]}}