{"id":45,"date":"2021-06-07T09:43:19","date_gmt":"2021-06-07T09:43:19","guid":{"rendered":"http:\/\/artisus-project.eu\/?page_id=45"},"modified":"2021-06-07T10:08:50","modified_gmt":"2021-06-07T10:08:50","slug":"objectives","status":"publish","type":"page","link":"https:\/\/artisus-project.eu\/de\/objectives\/","title":{"rendered":"Ziele"},"content":{"rendered":"<p class=\" translation-block\">Das Hauptziel des Projekts ist die F\u00f6rderung der Kompetenzentwicklung und sozialer Inklusion durch Kreativit\u00e4t und Kunst.<\/p>\n<p><strong>Spezifische Ziele:<\/strong><\/p>\n<ul>\n<li>Bereitstellung eines relevanten, zielgerichteten und ansprechenden Weiterbildungsprogramm, das auch nach Ende der Projektlaufzeit fortgef\u00fchrt werden kann.<\/li>\n<li>F\u00f6rderung von Chancengleichheit und sozialer Inklusion durch partizipative, mitgestaltende Aktivit\u00e4ten von kunstbasierten innovativen L\u00f6sungen, die allen Mitgliedern der anvisierten Communities zugutekommen, unabh\u00e4ngig von ihrem sozialen und kulturellen Hintergrund.<\/li>\n<li>Beitrag zu oder Anregung von politischen Initiativen, die kunstbasierte Bildung und Interventionen zur Revitalisierung und Innovation von Communities unterst\u00fctzen.<\/li>\n<li>F\u00f6rderung einer qualitativ hochwertigen, auf die Lernenden ausgerichteten Erwachsenenbildung, die die Lernenden in ihre Entwicklung einbezieht, die Autonomie der Lernenden zul\u00e4sst, sowie flexibel und ansprechend ist.<\/li>\n<\/ul>","protected":false},"excerpt":{"rendered":"<p>The main project OBJECTIVE is to promote [&hellip;]<\/p>","protected":false},"author":1,"featured_media":0,"parent":0,"menu_order":0,"comment_status":"closed","ping_status":"closed","template":"page-full.php","meta":{"footnotes":""},"_links":{"self":[{"href":"https:\/\/artisus-project.eu\/de\/wp-json\/wp\/v2\/pages\/45"}],"collection":[{"href":"https:\/\/artisus-project.eu\/de\/wp-json\/wp\/v2\/pages"}],"about":[{"href":"https:\/\/artisus-project.eu\/de\/wp-json\/wp\/v2\/types\/page"}],"author":[{"embeddable":true,"href":"https:\/\/artisus-project.eu\/de\/wp-json\/wp\/v2\/users\/1"}],"replies":[{"embeddable":true,"href":"https:\/\/artisus-project.eu\/de\/wp-json\/wp\/v2\/comments?post=45"}],"version-history":[{"count":0,"href":"https:\/\/artisus-project.eu\/de\/wp-json\/wp\/v2\/pages\/45\/revisions"}],"wp:attachment":[{"href":"https:\/\/artisus-project.eu\/de\/wp-json\/wp\/v2\/media?parent=45"}],"curies":[{"name":"wp","href":"https:\/\/api.w.org\/{rel}","templated":true}]}}