{"id":43,"date":"2021-06-07T09:43:01","date_gmt":"2021-06-07T09:43:01","guid":{"rendered":"http:\/\/artisus-project.eu\/?page_id=43"},"modified":"2022-04-14T17:58:24","modified_gmt":"2022-04-14T14:58:24","slug":"about-us","status":"publish","type":"page","link":"https:\/\/artisus-project.eu\/de\/about-us\/","title":{"rendered":"\u00dcber uns"},"content":{"rendered":"<section class=\"wpb-content-wrapper\"><div class=\"vc_row wpb_row vc_row-fluid\"><div class=\"wpb_column vc_column_container vc_col-sm-12\"><div class=\"vc_column-inner\"><div class=\"wpb_wrapper\">\n\t<div class=\"wpb_text_column wpb_content_element  wpb_animate_when_almost_visible wpb_bounceInRight bounceInRight\" >\n\t\t<div class=\"wpb_wrapper\">\n\t\t\t<p>Das Projekt \u201eArt for Local Innovation (Art is Us)\u201c ist ein zweij\u00e4hriges Projekt, das von der Europ\u00e4ischen Union im Rahmen des Programms ERASMUS+ KA227 \u201ePartnerships for Creativity\u201c kofinanziert wird (Vertragsnummer: 2020-1-SI01-KA227-ADU-093618).<\/p>\n<p>Das Projekt Art is Us zielt darauf ab, die transformative Kraft der Kultur f\u00fcr die gesellschaftliche Erneuerung zu nutzen, um auf die schwerwiegenden Auswirkungen zu reagieren, die die COVID-19-Pandemie sowohl auf K\u00fcnstlerInnen und den Kultursektor als auch auf die soziale Integration und den gesellschaftlichen Zusammenhalt hatte.<\/p>\n<p>Es vermittelt K\u00fcnstlerInnen, gesellschaftlichen F\u00fchrungspers\u00f6nlichkeiten und Kunstp\u00e4dagogInnen Schl\u00fcsselqualifikationen und -Kompetenzen f\u00fcr eine nachhaltige, kreative Karriere und bietet ihnen die M\u00f6glichkeit, in ihren Communities erfolgreich innovativ t\u00e4tig zu sein. \u201eArt is Us\u201c f\u00f6rdert die soziale Inklusion, indem es partizipatorische, mitgestaltende Aktivit\u00e4ten auf Basis von kunstbasierten, innovativen L\u00f6sungen unterst\u00fctzt und interkulturelle Dialogans\u00e4tze f\u00f6rdert.<\/p>\n<p>Das Projekt nutzt die gro\u00dfe Erfahrung aller Mitglieder des Konsortiums in den Bereichen sozial engagierter Kunstunterricht und Inhaltsentwicklung, E-Learning und Multimedia, Kunstinitiativen vor Ort sowie Berufsberatung und Kompetenzentwicklung, um ein qualitativ hochwertiges Weiterbildungsprogramm zur Community-Innovation zu konzipieren und zu entwickeln.<\/p>\n\n\t\t<\/div>\n\t<\/div>\n<\/div><\/div><\/div><\/div>\n<\/section>","protected":false},"excerpt":{"rendered":"The project \u201cArt for Local Innovation (Art [...]","protected":false},"author":1,"featured_media":0,"parent":0,"menu_order":0,"comment_status":"closed","ping_status":"closed","template":"page-full.php","meta":{"footnotes":""},"_links":{"self":[{"href":"https:\/\/artisus-project.eu\/de\/wp-json\/wp\/v2\/pages\/43"}],"collection":[{"href":"https:\/\/artisus-project.eu\/de\/wp-json\/wp\/v2\/pages"}],"about":[{"href":"https:\/\/artisus-project.eu\/de\/wp-json\/wp\/v2\/types\/page"}],"author":[{"embeddable":true,"href":"https:\/\/artisus-project.eu\/de\/wp-json\/wp\/v2\/users\/1"}],"replies":[{"embeddable":true,"href":"https:\/\/artisus-project.eu\/de\/wp-json\/wp\/v2\/comments?post=43"}],"version-history":[{"count":0,"href":"https:\/\/artisus-project.eu\/de\/wp-json\/wp\/v2\/pages\/43\/revisions"}],"wp:attachment":[{"href":"https:\/\/artisus-project.eu\/de\/wp-json\/wp\/v2\/media?parent=43"}],"curies":[{"name":"wp","href":"https:\/\/api.w.org\/{rel}","templated":true}]}}